{"id":6091,"date":"2021-07-03T05:02:44","date_gmt":"2021-07-03T05:02:44","guid":{"rendered":"https:\/\/neu.gruendler-academy.ch\/wp\/angebot-3\/"},"modified":"2021-07-03T07:47:15","modified_gmt":"2021-07-03T07:47:15","slug":"angebot-3","status":"publish","type":"page","link":"https:\/\/neu.gruendler-academy.ch\/wp\/angebot-3\/","title":{"rendered":"\u00dcbersicht"},"content":{"rendered":"<p>[et_pb_section fb_built=&#8220;1&#8243; admin_label=&#8220;Sektion&#8220; module_id=&#8220;angebot&#8220; _builder_version=&#8220;4.9.7&#8243; background_enable_color=&#8220;off&#8220; use_background_color_gradient=&#8220;on&#8220; background_color_gradient_start=&#8220;rgba(42,45,51,0.55)&#8220; background_color_gradient_end=&#8220;rgba(42,45,51,0.71)&#8220; background_color_gradient_overlays_image=&#8220;on&#8220; background_image=&#8220;https:\/\/neu.gruendler-academy.ch\/wp\/wp-content\/uploads\/2021\/06\/Angebot.jpg&#8220; module_alignment=&#8220;center&#8220; min_height=&#8220;370px&#8220; height=&#8220;490px&#8220; custom_margin=&#8220;0px|0px|0px|0px|false|false&#8220; custom_padding=&#8220;0px|0px|147px|0px|false|false&#8220; filter_contrast=&#8220;137%&#8220; custom_css_main_element=&#8220;background-attachment: fixed;&#8220;][et_pb_row _builder_version=&#8220;4.4.8&#8243; custom_padding=&#8220;0px||21px|||&#8220;][et_pb_column type=&#8220;4_4&#8243; _builder_version=&#8220;4.4.8&#8243;][et_pb_text _builder_version=&#8220;4.4.9&#8243; text_font=&#8220;Raleway|300|||||||&#8220; text_text_color=&#8220;#d9d9d9&#8243; header_2_font=&#8220;Raleway|300|||||||&#8220; header_2_text_align=&#8220;center&#8220; header_2_text_color=&#8220;#d9d9d9&#8243; header_2_font_size=&#8220;56px&#8220; custom_padding=&#8220;139px|||||&#8220; locked=&#8220;off&#8220;]<\/p>\n<h2 style=\"text-align: center;\">Angebot<\/h2>\n<p>[\/et_pb_text][\/et_pb_column][\/et_pb_row][et_pb_row _builder_version=&#8220;4.4.8&#8243; custom_margin=&#8220;2px|auto||auto||&#8220; custom_padding=&#8220;5px|||||&#8220; locked=&#8220;off&#8220;][et_pb_column type=&#8220;4_4&#8243; _builder_version=&#8220;4.4.8&#8243;][et_pb_image src=&#8220;https:\/\/neu.gruendler-academy.ch\/wp\/wp-content\/uploads\/2020\/06\/Zeichenfl\u00e4che-hell.png&#8220; title_text=&#8220;Zeichenfl\u00e4che hell&#8220; align=&#8220;center&#8220; _builder_version=&#8220;4.4.9&#8243;][\/et_pb_image][\/et_pb_column][\/et_pb_row][\/et_pb_section][et_pb_section fb_built=&#8220;1&#8243; admin_label=&#8220;Sektion&#8220; _builder_version=&#8220;4.9.7&#8243; min_height=&#8220;1481.1px&#8220; custom_margin=&#8220;0px|0px|0px|0px|false|false&#8220; custom_padding=&#8220;50px|0px|20px|0px|false|false&#8220;][et_pb_row column_structure=&#8220;1_3,1_3,1_3&#8243; _builder_version=&#8220;4.4.9&#8243; custom_padding=&#8220;28px||37px|||&#8220;][et_pb_column type=&#8220;1_3&#8243; _builder_version=&#8220;4.4.9&#8243; background_color=&#8220;#f7f7f7&#8243; border_radii=&#8220;off|||8px|8px&#8220; background__hover_enabled=&#8220;off|hover&#8220; background_enable_color__hover=&#8220;off&#8220;][et_pb_text _builder_version=&#8220;4.4.9&#8243; text_font=&#8220;Raleway|300|||||||&#8220; text_text_color=&#8220;#9fd40d&#8220; text_font_size=&#8220;24px&#8220; text_line_height=&#8220;3em&#8220; background_color=&#8220;#2a2d33&#8243; text_orientation=&#8220;center&#8220; custom_margin=&#8220;0px||||false|false&#8220; custom_padding=&#8220;13px||18px||false|false&#8220; border_radii=&#8220;off|8px|8px||&#8220; content__hover_enabled=&#8220;on|desktop&#8220; text_text_color__hover_enabled=&#8220;on|desktop&#8220; background__hover_enabled=&#8220;on|hover&#8220; background_color__hover=&#8220;#9fd40d&#8220; background_enable_color__hover=&#8220;on&#8220; text_text_color__hover=&#8220;#000000&#8243;]<\/p>\n<p style=\"text-align: center;\">Speaker<\/p>\n<p>[\/et_pb_text][et_pb_image src=&#8220;https:\/\/neu.gruendler-academy.ch\/wp\/wp-content\/uploads\/2020\/06\/Angebot-Speaker.jpg&#8220; title_text=&#8220;Angebot Speaker&#8220; _builder_version=&#8220;4.4.8&#8243; min_height=&#8220;228px&#8220; custom_margin=&#8220;-31px|||||&#8220; custom_padding=&#8220;0px|||||&#8220;][\/et_pb_image][et_pb_text _builder_version=&#8220;4.4.8&#8243; text_font=&#8220;Raleway||||||||&#8220; text_text_color=&#8220;#2a2d33&#8243; text_orientation=&#8220;center&#8220; custom_padding=&#8220;0px|20px||20px|false|false&#8220; border_color_all=&#8220;rgba(0,0,0,0)&#8220;]<\/p>\n<p style=\"text-align: center;\">Sie suchen einen leidenschaftlichen Speaker f\u00fcr Ihren Event? Gratulation!<br \/> Sie haben ihn gefunden!<\/p>\n<p>Verleihen Sie Ihrem Event den n\u00f6tigen Schub zum Erfolg und begeistern Sie Ihre Teilnehmer!<\/p>\n<p>[\/et_pb_text][et_pb_button button_text=&#8220;ANFRAGE&#8220; button_alignment=&#8220;center&#8220; _builder_version=&#8220;4.4.9&#8243; custom_button=&#8220;on&#8220; button_text_size=&#8220;14px&#8220; button_text_color=&#8220;#2a2d33&#8243; button_bg_color=&#8220;#9fd40d&#8220; button_border_width=&#8220;2px&#8220; button_border_color=&#8220;#9fd40d&#8220; button_font=&#8220;Raleway||||||||&#8220; button_use_icon=&#8220;off&#8220; custom_margin=&#8220;||30px||false|false&#8220; custom_padding=&#8220;10px|40px|10px|40px|false|false&#8220; button_bg_color__hover_enabled=&#8220;on|hover&#8220; button_bg_color__hover=&#8220;#ffffff&#8220; button_bg_enable_color__hover=&#8220;on&#8220; background_layout__hover_enabled=&#8220;off|hover&#8220; button_text_size__hover_enabled=&#8220;on|hover&#8220; button_border_color__hover_enabled=&#8220;on|hover&#8220; button_border_color__hover=&#8220;#2a2d33&#8243; button_text_color__hover_enabled=&#8220;on|hover&#8220; button_text_color__hover=&#8220;#2a2d33&#8243; button_border_width__hover_enabled=&#8220;on|hover&#8220; button_border_width__hover=&#8220;2px&#8220;][\/et_pb_button][\/et_pb_column][et_pb_column type=&#8220;1_3&#8243; _builder_version=&#8220;4.4.9&#8243; background_color=&#8220;#f7f7f7&#8243; border_radii=&#8220;off|||8px|8px&#8220; background__hover_enabled=&#8220;off|desktop&#8220; background_color__hover=&#8220;#9fd40d&#8220;][et_pb_text _builder_version=&#8220;4.4.8&#8243; text_font=&#8220;Raleway|300|||||||&#8220; text_text_color=&#8220;#9fd40d&#8220; text_font_size=&#8220;24px&#8220; text_line_height=&#8220;3em&#8220; background_color=&#8220;#2a2d33&#8243; text_orientation=&#8220;center&#8220; custom_margin=&#8220;0px||||false|false&#8220; custom_padding=&#8220;13px||18px||false|false&#8220; border_radii=&#8220;off|8px|8px||&#8220; locked=&#8220;off&#8220; text_text_color__hover=&#8220;#000000&#8243; text_text_color__hover_enabled=&#8220;on|desktop&#8220; background_color__hover=&#8220;#9fd40d&#8220; background__hover_enabled=&#8220;on|hover&#8220; background_enable_color__hover=&#8220;on&#8220;]<\/p>\n<p style=\"text-align: center;\">Trainer<\/p>\n<p>[\/et_pb_text][et_pb_image src=&#8220;https:\/\/neu.gruendler-academy.ch\/wp\/wp-content\/uploads\/2020\/07\/Seminare.jpg&#8220; title_text=&#8220;Seminare&#8220; _builder_version=&#8220;4.4.9&#8243; min_height=&#8220;228px&#8220; custom_margin=&#8220;-31px|||||&#8220; custom_padding=&#8220;0px||0px|||&#8220;][\/et_pb_image][et_pb_text _builder_version=&#8220;4.9.7&#8243; text_font=&#8220;Raleway||||||||&#8220; text_text_color=&#8220;#2a2d33&#8243; text_orientation=&#8220;center&#8220; custom_padding=&#8220;|20px||20px|false|false&#8220; locked=&#8220;off&#8220;]<\/p>\n<p id=\"u151821-14\" style=\"text-align: center;\">F\u00fcr Ihr Unternehmen und Ihre\u00a0Teams bieten wir diverse Trainingsmodule in\u00a0verschiedenen Bereichen an.<\/p>\n<p id=\"u151821-19\" style=\"text-align: center;\">Verkauf, Team-Spirit, Strategie- &amp; Strukturbildung, Kultur-und Werteentwicklung, usw.<\/p>\n<p>[\/et_pb_text][et_pb_button button_text=&#8220;ANFRAGE&#8220; button_alignment=&#8220;center&#8220; _builder_version=&#8220;4.4.9&#8243; custom_button=&#8220;on&#8220; button_text_size=&#8220;14px&#8220; button_text_color=&#8220;#2a2d33&#8243; button_bg_color=&#8220;#9fd40d&#8220; button_border_width=&#8220;2px&#8220; button_border_color=&#8220;#9fd40d&#8220; button_font=&#8220;Raleway||||||||&#8220; button_use_icon=&#8220;off&#8220; custom_margin=&#8220;||30px||false|false&#8220; custom_padding=&#8220;10px|40px|10px|40px|false|false&#8220; locked=&#8220;off&#8220; button_text_size__hover_enabled=&#8220;on|hover&#8220; button_text_color__hover=&#8220;#2a2d33&#8243; button_text_color__hover_enabled=&#8220;on|hover&#8220; button_bg_color__hover=&#8220;#ffffff&#8220; button_bg_color__hover_enabled=&#8220;on|hover&#8220; button_border_width__hover=&#8220;2px&#8220; button_border_width__hover_enabled=&#8220;on|hover&#8220; button_border_color__hover_enabled=&#8220;on|hover&#8220; button_border_color__hover=&#8220;#2a2d33&#8243;][\/et_pb_button][\/et_pb_column][et_pb_column type=&#8220;1_3&#8243; _builder_version=&#8220;4.4.9&#8243; background_color=&#8220;#f7f7f7&#8243; border_radii=&#8220;off|||8px|8px&#8220; background__hover_enabled=&#8220;off|desktop&#8220; background_color__hover=&#8220;#9fd40d&#8220; background_enable_color__hover=&#8220;on&#8220;][et_pb_text _builder_version=&#8220;4.4.8&#8243; text_font=&#8220;Raleway|300|||||||&#8220; text_text_color=&#8220;#9fd40d&#8220; text_font_size=&#8220;24px&#8220; text_line_height=&#8220;3em&#8220; background_color=&#8220;#2a2d33&#8243; text_orientation=&#8220;center&#8220; custom_margin=&#8220;0px||||false|false&#8220; custom_padding=&#8220;13px||18px||false|false&#8220; border_radii=&#8220;off|8px|8px||&#8220; locked=&#8220;off&#8220; text_text_color__hover=&#8220;#000000&#8243; text_text_color__hover_enabled=&#8220;on|desktop&#8220; background_color__hover=&#8220;#9fd40d&#8220; background__hover_enabled=&#8220;on|hover&#8220; background_enable_color__hover=&#8220;on&#8220;]<\/p>\n<p style=\"text-align: center;\">Coach<\/p>\n<p>[\/et_pb_text][et_pb_image src=&#8220;https:\/\/neu.gruendler-academy.ch\/wp\/wp-content\/uploads\/2020\/07\/Tisch_09.jpg&#8220; title_text=&#8220;Tisch_09&#8243; _builder_version=&#8220;4.4.9&#8243; min_height=&#8220;228px&#8220; custom_margin=&#8220;-31px|||||&#8220; custom_padding=&#8220;0px|||||&#8220;][\/et_pb_image][et_pb_text _builder_version=&#8220;4.4.8&#8243; text_font=&#8220;Raleway||||||||&#8220; text_text_color=&#8220;#2a2d33&#8243; text_orientation=&#8220;center&#8220; custom_padding=&#8220;|20px||20px|false|false&#8220; locked=&#8220;off&#8220;]<\/p>\n<p id=\"u151838-14\">F\u00fcr all jene, die ein ganz pers\u00f6nliches und individuell auf Ihre Bed\u00fcrfnisse zugeschnittenes Coaching-Programm w\u00fcnschen.<\/p>\n<p id=\"u151838-15\">\u00a0Wir coachen Sie oder auch Ihre Teams von A-Z und bilden zudem Coaches aus.<\/p>\n<p>[\/et_pb_text][et_pb_button button_text=&#8220;ANFRAGE&#8220; button_alignment=&#8220;center&#8220; _builder_version=&#8220;4.4.9&#8243; custom_button=&#8220;on&#8220; button_text_size=&#8220;14px&#8220; button_text_color=&#8220;#2a2d33&#8243; button_bg_color=&#8220;#9fd40d&#8220; button_border_width=&#8220;2px&#8220; button_border_color=&#8220;#9fd40d&#8220; button_font=&#8220;Raleway||||||||&#8220; button_use_icon=&#8220;off&#8220; custom_margin=&#8220;||30px||false|false&#8220; custom_padding=&#8220;10px|40px|10px|40px|false|false&#8220; locked=&#8220;off&#8220; button_text_size__hover_enabled=&#8220;on|hover&#8220; button_text_color__hover=&#8220;#2a2d33&#8243; button_text_color__hover_enabled=&#8220;on|hover&#8220; button_bg_color__hover=&#8220;#ffffff&#8220; button_bg_color__hover_enabled=&#8220;on|hover&#8220; button_border_width__hover=&#8220;2px&#8220; button_border_width__hover_enabled=&#8220;on|hover&#8220; button_border_color__hover_enabled=&#8220;on|hover&#8220; button_border_color__hover=&#8220;#2a2d33&#8243;][\/et_pb_button][\/et_pb_column][\/et_pb_row][et_pb_row column_structure=&#8220;1_3,1_3,1_3&#8243; _builder_version=&#8220;4.4.9&#8243; custom_padding=&#8220;28px||37px|||&#8220;][et_pb_column type=&#8220;1_3&#8243; _builder_version=&#8220;4.4.9&#8243; background_color=&#8220;#f7f7f7&#8243; border_radii=&#8220;off|||8px|8px&#8220; background__hover_enabled=&#8220;off|hover&#8220; background_enable_color__hover=&#8220;off&#8220;][et_pb_text _builder_version=&#8220;4.4.9&#8243; text_font=&#8220;Raleway|300|||||||&#8220; text_text_color=&#8220;#9fd40d&#8220; text_font_size=&#8220;24px&#8220; text_line_height=&#8220;3em&#8220; background_color=&#8220;#2a2d33&#8243; text_orientation=&#8220;center&#8220; custom_margin=&#8220;0px||||false|false&#8220; custom_padding=&#8220;13px||18px||false|false&#8220; border_radii=&#8220;off|8px|8px||&#8220; content__hover_enabled=&#8220;on|desktop&#8220; text_text_color__hover_enabled=&#8220;on|desktop&#8220; background__hover_enabled=&#8220;on|hover&#8220; background_color__hover=&#8220;#9fd40d&#8220; background_enable_color__hover=&#8220;on&#8220; text_text_color__hover=&#8220;#000000&#8243;]<\/p>\n<p style=\"text-align: center;\">AECdisc<\/p>\n<p>[\/et_pb_text][et_pb_image src=&#8220;https:\/\/neu.gruendler-academy.ch\/wp\/wp-content\/uploads\/2020\/07\/aec-disc-report_02.jpg&#8220; title_text=&#8220;aec-disc-report_02&#8243; _builder_version=&#8220;4.4.9&#8243; min_height=&#8220;228px&#8220; custom_margin=&#8220;-31px|||||&#8220; custom_padding=&#8220;0px|||||&#8220;][\/et_pb_image][et_pb_text _builder_version=&#8220;4.4.9&#8243; text_font=&#8220;Raleway||||||||&#8220; text_text_color=&#8220;#2a2d33&#8243; text_orientation=&#8220;center&#8220; height=&#8220;175px&#8220; custom_padding=&#8220;|20px||20px|false|false&#8220; border_color_all=&#8220;rgba(0,0,0,0)&#8220;]<\/p>\n<p style=\"text-align: center;\">Kennen Sie Ihre, oder die<br \/> Potenziale Ihrer Mitarbeiter?<\/p>\n<p style=\"text-align: center;\">Wie w\u00e4re es, wenn Sie ab heute<br \/> nur noch Mitarbeiter<br \/> besch\u00e4ftigen bzw. anstellen,<br \/> die wirklich f\u00fcr Ihre Aufgabe brennen?<\/p>\n<p>[\/et_pb_text][et_pb_button button_text=&#8220;ANFRAGE&#8220; button_alignment=&#8220;center&#8220; _builder_version=&#8220;4.4.9&#8243; custom_button=&#8220;on&#8220; button_text_size=&#8220;14px&#8220; button_text_color=&#8220;#2a2d33&#8243; button_bg_color=&#8220;#9fd40d&#8220; button_border_width=&#8220;2px&#8220; button_border_color=&#8220;#9fd40d&#8220; button_font=&#8220;Raleway||||||||&#8220; button_use_icon=&#8220;off&#8220; custom_margin=&#8220;||30px||false|false&#8220; custom_padding=&#8220;10px|40px|10px|40px|false|false&#8220; button_bg_color__hover_enabled=&#8220;on|hover&#8220; button_bg_color__hover=&#8220;#ffffff&#8220; button_bg_enable_color__hover=&#8220;on&#8220; background_layout__hover_enabled=&#8220;off|hover&#8220; button_text_size__hover_enabled=&#8220;on|hover&#8220; button_border_color__hover_enabled=&#8220;on|hover&#8220; button_border_color__hover=&#8220;#2a2d33&#8243; button_text_color__hover_enabled=&#8220;on|hover&#8220; button_text_color__hover=&#8220;#2a2d33&#8243; button_border_width__hover_enabled=&#8220;on|hover&#8220; button_border_width__hover=&#8220;2px&#8220;][\/et_pb_button][\/et_pb_column][et_pb_column type=&#8220;1_3&#8243; _builder_version=&#8220;4.4.9&#8243; background_color=&#8220;#f7f7f7&#8243; border_radii=&#8220;off|||8px|8px&#8220; background__hover_enabled=&#8220;off|desktop&#8220; background_color__hover=&#8220;#9fd40d&#8220;][et_pb_text _builder_version=&#8220;4.4.8&#8243; text_font=&#8220;Raleway|300|||||||&#8220; text_text_color=&#8220;#9fd40d&#8220; text_font_size=&#8220;24px&#8220; text_line_height=&#8220;3em&#8220; background_color=&#8220;#2a2d33&#8243; text_orientation=&#8220;center&#8220; custom_margin=&#8220;0px||||false|false&#8220; custom_padding=&#8220;13px||18px||false|false&#8220; border_radii=&#8220;off|8px|8px||&#8220; locked=&#8220;off&#8220; text_text_color__hover=&#8220;#000000&#8243; text_text_color__hover_enabled=&#8220;on|desktop&#8220; background_color__hover=&#8220;#9fd40d&#8220; background__hover_enabled=&#8220;on|hover&#8220; background_enable_color__hover=&#8220;on&#8220;]<\/p>\n<p style=\"text-align: center;\">Mystery Shopping<\/p>\n<p>[\/et_pb_text][et_pb_image src=&#8220;https:\/\/neu.gruendler-academy.ch\/wp\/wp-content\/uploads\/2020\/07\/Mystery-Shopping.png&#8220; title_text=&#8220;Mystery Shopping&#8220; _builder_version=&#8220;4.4.9&#8243; min_height=&#8220;228px&#8220; custom_margin=&#8220;-31px|||||&#8220; custom_padding=&#8220;0px||0px|||&#8220;][\/et_pb_image][et_pb_text _builder_version=&#8220;4.4.9&#8243; text_font=&#8220;Raleway||||||||&#8220; text_text_color=&#8220;#2a2d33&#8243; text_orientation=&#8220;center&#8220; height=&#8220;175px&#8220; custom_padding=&#8220;|20px||20px|false|false&#8220; locked=&#8220;off&#8220;]<\/p>\n<p>Erst testen, dann verbessern!<\/p>\n<p>Unsere Testk\u00e4ufer sind fachlich<br \/> top ausgebildet, denn wir<br \/> arbeiten ausschliesslich mit Testk\u00e4ufern, die im Besitz eines eidg. Fachausweises sind<br \/> (z.B. DH-Spez. oder h\u00f6her).<\/p>\n<p>[\/et_pb_text][et_pb_button button_text=&#8220;ANFRAGE&#8220; button_alignment=&#8220;center&#8220; _builder_version=&#8220;4.4.9&#8243; custom_button=&#8220;on&#8220; button_text_size=&#8220;14px&#8220; button_text_color=&#8220;#2a2d33&#8243; button_bg_color=&#8220;#9fd40d&#8220; button_border_width=&#8220;2px&#8220; button_border_color=&#8220;#9fd40d&#8220; button_font=&#8220;Raleway||||||||&#8220; button_use_icon=&#8220;off&#8220; custom_margin=&#8220;||30px||false|false&#8220; custom_padding=&#8220;10px|40px|10px|40px|false|false&#8220; locked=&#8220;off&#8220; button_text_size__hover_enabled=&#8220;on|hover&#8220; button_text_color__hover=&#8220;#2a2d33&#8243; button_text_color__hover_enabled=&#8220;on|hover&#8220; button_bg_color__hover=&#8220;#ffffff&#8220; button_bg_color__hover_enabled=&#8220;on|hover&#8220; button_border_width__hover=&#8220;2px&#8220; button_border_width__hover_enabled=&#8220;on|hover&#8220; button_border_color__hover_enabled=&#8220;on|hover&#8220; button_border_color__hover=&#8220;#2a2d33&#8243;][\/et_pb_button][\/et_pb_column][et_pb_column type=&#8220;1_3&#8243; _builder_version=&#8220;4.4.9&#8243; background_color=&#8220;#f7f7f7&#8243; border_radii=&#8220;off|||8px|8px&#8220; background__hover_enabled=&#8220;off|desktop&#8220; background_color__hover=&#8220;#9fd40d&#8220; background_enable_color__hover=&#8220;on&#8220;][et_pb_text _builder_version=&#8220;4.9.7&#8243; text_font=&#8220;Raleway|300|||||||&#8220; text_text_color=&#8220;#9fd40d&#8220; text_font_size=&#8220;24px&#8220; text_line_height=&#8220;3em&#8220; background_color=&#8220;#2a2d33&#8243; text_orientation=&#8220;center&#8220; custom_margin=&#8220;0px||||false|false&#8220; custom_padding=&#8220;13px||18px||false|false&#8220; border_radii=&#8220;off|8px|8px||&#8220; locked=&#8220;off&#8220; text_text_color__hover=&#8220;#000000&#8243; text_text_color__hover_enabled=&#8220;on|desktop&#8220; background_color__hover=&#8220;#9fd40d&#8220; background__hover_enabled=&#8220;on|hover&#8220; background_enable_color__hover=&#8220;on&#8220;]<\/p>\n<p style=\"text-align: center;\">Consulting<\/p>\n<p>[\/et_pb_text][et_pb_image src=&#8220;https:\/\/neu.gruendler-academy.ch\/wp\/wp-content\/uploads\/2020\/07\/Beraterpool-klein.jpg&#8220; title_text=&#8220;Beraterpool klein&#8220; _builder_version=&#8220;4.9.7&#8243; min_height=&#8220;228px&#8220; custom_margin=&#8220;-31px|||||&#8220; custom_padding=&#8220;0px|||||&#8220;][\/et_pb_image][et_pb_text _builder_version=&#8220;4.9.7&#8243; text_font=&#8220;Raleway||||||||&#8220; text_text_color=&#8220;#2a2d33&#8243; text_orientation=&#8220;center&#8220; height=&#8220;175px&#8220; custom_padding=&#8220;|20px||20px|false|false&#8220; locked=&#8220;off&#8220;]<\/p>\n<p style=\"text-align: center;\">Gr\u00fcnden Sie ein Unternehmen<br \/>und ben\u00f6tigen stardup Hilfe?<br \/>Gedenken Sie zu expandieren<br \/>oder steht ein Change bevor?<\/p>\n<p style=\"text-align: center;\">Durch unser breit abgest\u00fctztes Netzwerk an Beratern k\u00f6nnen wir Ihnen f\u00fcr fast alle Bereiche einen idealen Profi zur Seite stellen.<\/p>\n<p>[\/et_pb_text][et_pb_button button_text=&#8220;ANFRAGE&#8220; button_alignment=&#8220;center&#8220; _builder_version=&#8220;4.4.9&#8243; custom_button=&#8220;on&#8220; button_text_size=&#8220;14px&#8220; button_text_color=&#8220;#2a2d33&#8243; button_bg_color=&#8220;#9fd40d&#8220; button_border_width=&#8220;2px&#8220; button_border_color=&#8220;#9fd40d&#8220; button_font=&#8220;Raleway||||||||&#8220; button_use_icon=&#8220;off&#8220; custom_margin=&#8220;||30px||false|false&#8220; custom_padding=&#8220;10px|40px|10px|40px|false|false&#8220; locked=&#8220;off&#8220; button_text_size__hover_enabled=&#8220;on|hover&#8220; button_text_color__hover=&#8220;#2a2d33&#8243; button_text_color__hover_enabled=&#8220;on|hover&#8220; button_bg_color__hover=&#8220;#ffffff&#8220; button_bg_color__hover_enabled=&#8220;on|hover&#8220; button_border_width__hover=&#8220;2px&#8220; button_border_width__hover_enabled=&#8220;on|hover&#8220; button_border_color__hover_enabled=&#8220;on|hover&#8220; button_border_color__hover=&#8220;#2a2d33&#8243;][\/et_pb_button][\/et_pb_column][\/et_pb_row][et_pb_row _builder_version=&#8220;4.9.7&#8243; _module_preset=&#8220;default&#8220; locked=&#8220;off&#8220;][et_pb_column type=&#8220;4_4&#8243; _builder_version=&#8220;4.9.7&#8243; _module_preset=&#8220;default&#8220;][et_pb_button button_url=&#8220;@ET-DC@eyJkeW5hbWljIjp0cnVlLCJjb250ZW50IjoicG9zdF9saW5rX3VybF9wYWdlIiwic2V0dGluZ3MiOnsicG9zdF9pZCI6IjU4NTEifX0=@&#8220; button_text=&#8220;ZU DEN SEMINAREN&#8220; button_alignment=&#8220;center&#8220; admin_label=&#8220;Button&#8220; _builder_version=&#8220;4.9.7&#8243; _dynamic_attributes=&#8220;button_url&#8220; _module_preset=&#8220;default&#8220; custom_button=&#8220;on&#8220; button_text_size=&#8220;14px&#8220; button_text_color=&#8220;#2a2d33&#8243; button_bg_color=&#8220;#9fd40d&#8220; button_border_width=&#8220;2px&#8220; button_border_color=&#8220;#9fd40d&#8220; button_font=&#8220;Raleway||||||||&#8220; button_use_icon=&#8220;off&#8220; custom_margin=&#8220;||30px||false|false&#8220; custom_padding=&#8220;10px|40px|10px|40px|false|false&#8220; button_text_size__hover_enabled=&#8220;on|hover&#8220; button_text_color__hover=&#8220;#2a2d33&#8243; button_text_color__hover_enabled=&#8220;on|hover&#8220; button_bg_color__hover=&#8220;#ffffff&#8220; button_bg_color__hover_enabled=&#8220;on|hover&#8220; button_border_width__hover=&#8220;2px&#8220; button_border_width__hover_enabled=&#8220;on|hover&#8220; button_border_color__hover=&#8220;#2a2d33&#8243; button_border_color__hover_enabled=&#8220;on|hover&#8220;][\/et_pb_button][\/et_pb_column][\/et_pb_row][\/et_pb_section]<\/p>\n","protected":false},"excerpt":{"rendered":"<p>[et_pb_section fb_built=&#8220;1&#8243; admin_label=&#8220;Sektion&#8220; module_id=&#8220;angebot&#8220; _builder_version=&#8220;4.9.7&#8243; background_enable_color=&#8220;off&#8220; use_background_color_gradient=&#8220;on&#8220; background_color_gradient_start=&#8220;rgba(42,45,51,0.55)&#8220; background_color_gradient_end=&#8220;rgba(42,45,51,0.71)&#8220; background_color_gradient_overlays_image=&#8220;on&#8220; background_image=&#8220;https:\/\/neu.gruendler-academy.ch\/wp\/wp-content\/uploads\/2021\/06\/Angebot.jpg&#8220; module_alignment=&#8220;center&#8220; min_height=&#8220;370px&#8220; height=&#8220;490px&#8220; custom_margin=&#8220;0px|0px|0px|0px|false|false&#8220; custom_padding=&#8220;0px|0px|147px|0px|false|false&#8220; filter_contrast=&#8220;137%&#8220; custom_css_main_element=&#8220;background-attachment: fixed;&#8220;][et_pb_row _builder_version=&#8220;4.4.8&#8243; custom_padding=&#8220;0px||21px|||&#8220;][et_pb_column type=&#8220;4_4&#8243; _builder_version=&#8220;4.4.8&#8243;][et_pb_text _builder_version=&#8220;4.4.9&#8243; text_font=&#8220;Raleway|300|||||||&#8220; text_text_color=&#8220;#d9d9d9&#8243; header_2_font=&#8220;Raleway|300|||||||&#8220; header_2_text_align=&#8220;center&#8220; header_2_text_color=&#8220;#d9d9d9&#8243; header_2_font_size=&#8220;56px&#8220; custom_padding=&#8220;139px|||||&#8220; locked=&#8220;off&#8220;] Angebot [\/et_pb_text][\/et_pb_column][\/et_pb_row][et_pb_row _builder_version=&#8220;4.4.8&#8243; custom_margin=&#8220;2px|auto||auto||&#8220; custom_padding=&#8220;5px|||||&#8220; locked=&#8220;off&#8220;][et_pb_column type=&#8220;4_4&#8243; _builder_version=&#8220;4.4.8&#8243;][et_pb_image src=&#8220;https:\/\/neu.gruendler-academy.ch\/wp\/wp-content\/uploads\/2020\/06\/Zeichenfl\u00e4che-hell.png&#8220; title_text=&#8220;Zeichenfl\u00e4che hell&#8220; align=&#8220;center&#8220; _builder_version=&#8220;4.4.9&#8243;][\/et_pb_image][\/et_pb_column][\/et_pb_row][\/et_pb_section][et_pb_section fb_built=&#8220;1&#8243; admin_label=&#8220;Sektion&#8220; _builder_version=&#8220;4.9.7&#8243; min_height=&#8220;1481.1px&#8220; custom_margin=&#8220;0px|0px|0px|0px|false|false&#8220; custom_padding=&#8220;50px|0px|20px|0px|false|false&#8220;][et_pb_row column_structure=&#8220;1_3,1_3,1_3&#8243; _builder_version=&#8220;4.4.9&#8243; custom_padding=&#8220;28px||37px|||&#8220;][et_pb_column type=&#8220;1_3&#8243; [&hellip;]<\/p>\n","protected":false},"author":1,"featured_media":0,"parent":0,"menu_order":0,"comment_status":"closed","ping_status":"closed","template":"","meta":{"_et_pb_use_builder":"on","_et_pb_old_content":"","_et_gb_content_width":"","footnotes":""},"class_list":["post-6091","page","type-page","status-publish","hentry"],"_links":{"self":[{"href":"https:\/\/neu.gruendler-academy.ch\/wp\/wp-json\/wp\/v2\/pages\/6091","targetHints":{"allow":["GET"]}}],"collection":[{"href":"https:\/\/neu.gruendler-academy.ch\/wp\/wp-json\/wp\/v2\/pages"}],"about":[{"href":"https:\/\/neu.gruendler-academy.ch\/wp\/wp-json\/wp\/v2\/types\/page"}],"author":[{"embeddable":true,"href":"https:\/\/neu.gruendler-academy.ch\/wp\/wp-json\/wp\/v2\/users\/1"}],"replies":[{"embeddable":true,"href":"https:\/\/neu.gruendler-academy.ch\/wp\/wp-json\/wp\/v2\/comments?post=6091"}],"version-history":[{"count":5,"href":"https:\/\/neu.gruendler-academy.ch\/wp\/wp-json\/wp\/v2\/pages\/6091\/revisions"}],"predecessor-version":[{"id":6184,"href":"https:\/\/neu.gruendler-academy.ch\/wp\/wp-json\/wp\/v2\/pages\/6091\/revisions\/6184"}],"wp:attachment":[{"href":"https:\/\/neu.gruendler-academy.ch\/wp\/wp-json\/wp\/v2\/media?parent=6091"}],"curies":[{"name":"wp","href":"https:\/\/api.w.org\/{rel}","templated":true}]}}